{"id":293,"date":"2019-03-30T13:05:13","date_gmt":"2019-03-30T12:05:13","guid":{"rendered":"http:\/\/batiscafotrieste.com\/?page_id=293"},"modified":"2026-01-29T18:43:27","modified_gmt":"2026-01-29T17:43:27","slug":"i-personaggi","status":"publish","type":"page","link":"https:\/\/batiscafotrieste.com\/index.php\/i-personaggi\/","title":{"rendered":"I protagonisti"},"content":{"rendered":"<p>[vc_row][vc_column][vc_column_text]<\/p>\r\n<h4 aria-hidden=\"true\">\u00a0<\/h4>\r\n<h4 class=\"wp-block-spacer\" style=\"height: 40px;\" aria-hidden=\"true\">PADRE E FIGLIO, ANIMATI DA UNO STESSO SOGNO PER L&#8217;UMANITA&#8217;<\/h4>\r\n\r\n\r\n\r\n<div class=\"wp-block-image\">\r\n<figure class=\"alignleft is-resized\"><img class=\"wp-image-499\" src=\"http:\/\/batiscafotrieste.com\/wp-content\/uploads\/2019\/04\/tondo_auguste.png\" alt=\"\" width=\"176\" height=\"176\" \/><\/figure>\r\n<\/div>\r\n\r\n<p><strong><em>Auguste Piccard (1884-1962), l&#8217;inventore del batiscafo Trieste<\/em><\/strong><\/p>\r\n<p>Scopr\u00ec un isotopo dell&#8217;uranio e riusc\u00ec a dimostrare in un esperimento su un aerostato la correttezza della Teoria della Relativit\u00e0 di Einstein. \u00c8 l&#8217;unico uomo ad assommare in s\u00e9 due record assoluti nell&#8217;esplorazione del pianeta terra nella dimensione verticale: il primo uomo a raggiungere la stratosfera in un pallone aerostatico nel 1932 e il primo uomo a raggiungere il punto pi\u00f9 profondo del mare nel 1953 a bordo del batiscafo Trieste di sua invenzione.<br \/><\/p>\r\n\r\n<div class=\"wp-block-spacer\" style=\"height: 40px;\" aria-hidden=\"true\">\u00a0<\/div>\r\n\r\n\r\n\r\n<div class=\"wp-block-image\">\r\n<figure class=\"alignleft is-resized\"><img class=\"wp-image-500\" src=\"http:\/\/batiscafotrieste.com\/wp-content\/uploads\/2019\/04\/tondo_jacques.png\" alt=\"\" width=\"171\" height=\"171\" \/><\/figure>\r\n<\/div>\r\n\r\n<p><strong><em>Jacques Piccard (1922-2008), il pilota del batiscafo Trieste<\/em><\/strong><\/p>\r\n<p>Economista, esploratore, oceanografo e ingegnere svizzero, continuatore dell&#8217;opera visionaria del padre. Pilot\u00f2 il batiscafo nei due record del Trieste 1953 e del 1960. Progett\u00f2 successivamente altri batiscafi adatti a profondit\u00e0 minori con cui esplor\u00f2 per la prima volta la Corrente del Golfo. Scoprendo vita nei fondali abissali apr\u00ec le porte allo studio della biologia delle fosse oceaniche da allora considerate un unico ecosistema.<br \/><\/p>\r\n<p>&nbsp;<\/p>\r\n<p>&nbsp;<\/p>\r\n<p>&nbsp;<\/p>\r\n<h4>IL VISIONARIO ISPIRATORE\u00a0 DELL&#8217;IMPRESA DEL 1953\u00a0<\/h4>\r\n\r\n<div class=\"wp-block-spacer\" style=\"height: 40px;\" aria-hidden=\"true\">\u00a0<\/div>\r\n\r\n\r\n\r\n<div class=\"wp-block-image\">\r\n<figure class=\"alignleft is-resized\"><img class=\"wp-image-501\" src=\"http:\/\/batiscafotrieste.com\/wp-content\/uploads\/2019\/04\/tondo_henriquez.png\" alt=\"\" width=\"175\" height=\"175\" \/><\/figure>\r\n<\/div>\r\n\r\n<p><em><strong>Diego de Henriquez (Trieste 1909 \u2013 1974)<\/strong><\/em><br \/>Studioso e collezionista eccezionale di cimeli bellici, dedic\u00f2 la sua intera esistenza alla costituzione di uno straordinario Museo di Guerra per la Pace per testimoniare all\u2019Umanit\u00e0 la follia della guerra. Scrisse ininterrottamente per tutta la vita, senza mai pubblicare nulla, lasciandoci nei suoi innumerevoli \u201cdiari\u201d una rara testimonianza del Novecento triestino. Fu l&#8217;influencer che permise al progetto del Batiscafo dei due Piccard di prender piede partendo dalla citt\u00e0 di Trieste, destinata in una sua profetica visione a diventare capitale europea della Scienza.<\/p>\r\n\r\n<p>&nbsp;<\/p>\r\n<p>[\/vc_column_text][\/vc_column][\/vc_row]<\/p>","protected":false},"excerpt":{"rendered":"<p>[vc_row][vc_column][vc_column_text] Auguste Piccard (1884-1962), l&#8217;inventore del batiscafo Trieste Scopr\u00ec un isotopo dell&#8217;uranio e riusc\u00ec a dimostrare in un esperimento su un aerostato la correttezza della Teoria della Relativit\u00e0 di Einstein. \u00c8 l&#8217;unico uomo ad assommare in s\u00e9 due record assoluti nell&#8217;esplorazione del pianeta terra nella dimensione verticale: il primo uomo a raggiungere la stratosfera in [&hellip;]<\/p>\n","protected":false},"author":1,"featured_media":0,"parent":0,"menu_order":0,"comment_status":"closed","ping_status":"closed","template":"","meta":[],"rttpg_featured_image_url":null,"rttpg_author":{"display_name":"admin6849","author_link":"https:\/\/batiscafotrieste.com\/index.php\/author\/admin6849\/"},"rttpg_comment":0,"rttpg_category":null,"rttpg_excerpt":"[vc_row][vc_column][vc_column_text] Auguste Piccard (1884-1962), l&#8217;inventore del batiscafo Trieste Scopr\u00ec un isotopo dell&#8217;uranio e riusc\u00ec a dimostrare in un esperimento su un aerostato la correttezza della Teoria della Relativit\u00e0 di Einstein. \u00c8 l&#8217;unico uomo ad assommare in s\u00e9 due record assoluti nell&#8217;esplorazione del pianeta terra nella dimensione verticale: il primo uomo a raggiungere la stratosfera in&hellip;","_links":{"self":[{"href":"https:\/\/batiscafotrieste.com\/index.php\/wp-json\/wp\/v2\/pages\/293"}],"collection":[{"href":"https:\/\/batiscafotrieste.com\/index.php\/wp-json\/wp\/v2\/pages"}],"about":[{"href":"https:\/\/batiscafotrieste.com\/index.php\/wp-json\/wp\/v2\/types\/page"}],"author":[{"embeddable":true,"href":"https:\/\/batiscafotrieste.com\/index.php\/wp-json\/wp\/v2\/users\/1"}],"replies":[{"embeddable":true,"href":"https:\/\/batiscafotrieste.com\/index.php\/wp-json\/wp\/v2\/comments?post=293"}],"version-history":[{"count":27,"href":"https:\/\/batiscafotrieste.com\/index.php\/wp-json\/wp\/v2\/pages\/293\/revisions"}],"predecessor-version":[{"id":1381,"href":"https:\/\/batiscafotrieste.com\/index.php\/wp-json\/wp\/v2\/pages\/293\/revisions\/1381"}],"wp:attachment":[{"href":"https:\/\/batiscafotrieste.com\/index.php\/wp-json\/wp\/v2\/media?parent=293"}],"curies":[{"name":"wp","href":"https:\/\/api.w.org\/{rel}","templated":true}]}}