{"id":326,"date":"2019-03-30T13:51:52","date_gmt":"2019-03-30T12:51:52","guid":{"rendered":"http:\/\/batiscafotrieste.com\/?page_id=326"},"modified":"2019-04-02T01:24:01","modified_gmt":"2019-04-01T23:24:01","slug":"che-cose-il-batiscafo-trieste","status":"publish","type":"page","link":"https:\/\/batiscafotrieste.com\/index.php\/che-cose-il-batiscafo-trieste\/","title":{"rendered":"La storia"},"content":{"rendered":"\n<p style=\"text-align:left\">  Il batiscafo Trieste \u00e8 il mezzo subacqueo inventato da Auguste Piccard e pilotato dal figlio Jacques Piccard che riusc\u00ec, al di l\u00e0 di ogni aspettativa, in un&#8217;impresa scientifica epocale: la prima discesa sul punto pi\u00f9 profondo del mare.<\/p>\n\n\n\n<p>  Passata alla storia come una delle pi\u00f9 grandi esplorazioni del nostro pianeta, con il sopraggiungere dell&#8217;era spaziale che spost\u00f2 l&#8217;attenzione dalla Terra allo Spazio, per un po&#8217; troppo tempo \u00e8 stata messa in secondo piano, se non addirittura dimenticata dai media, persino nella sua citt\u00e0 natale.<\/p>\n\n\n\n<p>  Eppure il Deep Blue, l&#8217;immenso Hydrospazio senza luce delle fosse oceaniche, dopo millenni grazie a quella coraggiosa impresa de \u201cIl Trieste\u201d si apriva per la prima volta all&#8217;esplorazione diretta e si rivelava tutt&#8217;altro che un deserto privo di vita, e potrebbe serbare tutt&#8217;ora la chiave per un&#8217;altra comprensione delle origini della vita nell&#8217;Universo.<\/p>\n\n\n\n<p>  Ecco allora che per me, appassionato di storia e scienza, il <em>batiscafo Trieste<\/em> non \u00e8 solo il <em>medium<\/em> di un record mai raggiunto prima, o uno speciale e sofisticato natante subacqueo, fiore all&#8217;occhiello della tecnologia italo-svizzera del dopoguerra e statunitense poi, ma un simbolo dell&#8217;eccellenza, del coraggio e della naturale superiorit\u00e0 del pensare positivo, quando ci si spinge verso nuovi orizzonti: l&#8217;ignoto \u00e8 dove non sei ancora arrivato.<\/p>\n\n\n\n<p>  Enrico Halupca<\/p>\n","protected":false},"excerpt":{"rendered":"<p>Il batiscafo Trieste \u00e8 il mezzo subacqueo inventato da Auguste Piccard e pilotato dal figlio Jacques Piccard che riusc\u00ec, al di l\u00e0 di ogni aspettativa, in un&#8217;impresa scientifica epocale: la prima discesa sul punto pi\u00f9 profondo del mare. Passata alla storia come una delle pi\u00f9 grandi esplorazioni del nostro pianeta, con il sopraggiungere dell&#8217;era spaziale [&hellip;]<\/p>\n","protected":false},"author":1,"featured_media":0,"parent":0,"menu_order":0,"comment_status":"closed","ping_status":"closed","template":"","meta":[],"rttpg_featured_image_url":null,"rttpg_author":{"display_name":"admin6849","author_link":"https:\/\/batiscafotrieste.com\/index.php\/author\/admin6849\/"},"rttpg_comment":0,"rttpg_category":null,"rttpg_excerpt":"Il batiscafo Trieste \u00e8 il mezzo subacqueo inventato da Auguste Piccard e pilotato dal figlio Jacques Piccard che riusc\u00ec, al di l\u00e0 di ogni aspettativa, in un&#8217;impresa scientifica epocale: la prima discesa sul punto pi\u00f9 profondo del mare. Passata alla storia come una delle pi\u00f9 grandi esplorazioni del nostro pianeta, con il sopraggiungere dell&#8217;era spaziale&hellip;","_links":{"self":[{"href":"https:\/\/batiscafotrieste.com\/index.php\/wp-json\/wp\/v2\/pages\/326"}],"collection":[{"href":"https:\/\/batiscafotrieste.com\/index.php\/wp-json\/wp\/v2\/pages"}],"about":[{"href":"https:\/\/batiscafotrieste.com\/index.php\/wp-json\/wp\/v2\/types\/page"}],"author":[{"embeddable":true,"href":"https:\/\/batiscafotrieste.com\/index.php\/wp-json\/wp\/v2\/users\/1"}],"replies":[{"embeddable":true,"href":"https:\/\/batiscafotrieste.com\/index.php\/wp-json\/wp\/v2\/comments?post=326"}],"version-history":[{"count":4,"href":"https:\/\/batiscafotrieste.com\/index.php\/wp-json\/wp\/v2\/pages\/326\/revisions"}],"predecessor-version":[{"id":627,"href":"https:\/\/batiscafotrieste.com\/index.php\/wp-json\/wp\/v2\/pages\/326\/revisions\/627"}],"wp:attachment":[{"href":"https:\/\/batiscafotrieste.com\/index.php\/wp-json\/wp\/v2\/media?parent=326"}],"curies":[{"name":"wp","href":"https:\/\/api.w.org\/{rel}","templated":true}]}}